{"id":140,"date":"2026-01-01T12:15:05","date_gmt":"2026-01-01T12:15:05","guid":{"rendered":"https:\/\/supplychainmagazine.fr\/boutique\/?post_type=product&#038;p=140"},"modified":"2026-01-07T09:16:42","modified_gmt":"2026-01-07T09:16:42","slug":"supply-chain-magazine-100-numerique-1-an","status":"publish","type":"product","link":"https:\/\/supplychainmagazine.fr\/boutique\/abonnement\/supply-chain-magazine-100-numerique-1-an\/","title":{"rendered":"Supply Chain Magazine 100% num\u00e9rique 1 an"},"content":{"rendered":"<div class=\"txt\">\n<p><strong>SUPPLY CHAIN MAGAZINE, <\/strong>c&rsquo;est toute l&rsquo;actualit\u00e9 du monde de la supply chain d\u00e9clin\u00e9e pour les d\u00e9cideurs<\/p>\n<ul>\n<li><strong>Actualit\u00e9s :<\/strong>\u00a0ZOOM sur un \u00e9v\u00e8nement marquant du mois, ZAP sur les infos essentielles et ZIGZAG, le tour du monde en un clin d\u2019\u0153il de l\u2019actu internationale<\/li>\n<li><strong>Conversation :\u00a0<\/strong>Interview avec un d\u00e9cideur dans le domaine de la Supply Chain<\/li>\n<li><strong>Retour d\u2019exp\u00e9rience :<\/strong>\u00a0Les projets \u00e0 la loupe, avec photos et chiffres \u00e0 l\u2019appui<\/li>\n<li><strong>Tendance\u00a0:<\/strong>\u00a0Dossiers de fonds sur les \u00e9volutions\u00a0technologiques, m\u00e9thodologiques, r\u00e9glementaires, qui touchent le monde de la Supply Chain<\/li>\n<li><strong>Enqu\u00eates\u00a0:\u00a0<\/strong>Focus sur un secteur (agroalimentaire, a\u00e9ronautique, BTP, etc) et ses contraintes<\/li>\n<li><strong>Quatre As :<\/strong>\u00a0Rendez-vous multicanal, table ronde vid\u00e9o\u2026<\/li>\n<li><strong>Pour vos appels d\u2019offres\u00a0:<\/strong>\u00a0Guide d\u00e9cisionnel au choix d\u2019une solution technologique (automatisation, immobilier logistique, WMS, TMS) ou d\u2019une prestation (3PL, conseil)<\/li>\n<li><strong>Paroles d\u2019expert et C\u00f4t\u00e9 Recherche\u00a0:<\/strong>Des pistes de r\u00e9flexion sur des sujets d\u2019avant-garde, en s\u2019appuyant l\u2019expertise des professionnels, consultants ou chercheurs<\/li>\n<li><strong>Mais aussi les rubriques\u00a0Management, Formation, Bon \u00e0 savoir\u2026<\/strong><\/li>\n<\/ul>\n<\/div>\n","protected":false},"excerpt":{"rendered":"<p><strong>Abonnement num\u00e9rique 1an 140\u20ac TTC<\/strong><\/p>\n<ul>\n<li>Acc\u00e8s aux versions num\u00e9riques de Supply Chain Magazine\u00a0 et \u00e0 l&rsquo;annuaire des fournisseurs de la Supply Chain via le site\u00a0<a href=\"http:\/\/www.supplychainmagazine.fr&quot;\/\" rel=\"nofollow\">http:\/\/www.supplychainmagazine.fr<\/a><\/li>\n<li>Acc\u00e8s aux archives en ligne de la revue<\/li>\n<li>1 newsletter quotidienne<\/li>\n<\/ul>\n<p><strong>Offre grands comptes NUMERIQUE<\/strong>\u00a0(\u00e0 partir de 10 abonnements) sur demande par mail :\u00a0<a href=\"mailto:abonnements-scm@alaloopmedia.fr\">abonnements-scm@alaloopmedia.fr<\/a><\/p>\n","protected":false},"featured_media":84,"template":"","meta":[],"product_brand":[],"product_cat":[21],"product_tag":[],"class_list":{"0":"post-140","1":"product","2":"type-product","3":"status-publish","4":"has-post-thumbnail","6":"product_cat-abonnement","8":"first","9":"instock","10":"virtual","11":"taxable","12":"purchasable","13":"product-type-simple"},"yoast_head":"<!-- This site is optimized with the Yoast SEO plugin v27.5 - https:\/\/yoast.com\/product\/yoast-seo-wordpress\/ -->\n<title>Supply Chain Magazine 100% num\u00e9rique 1 an - Boutique Supply Chain Mag<\/title>\n<meta name=\"robots\" content=\"index, follow, max-snippet:-1, max-image-preview:large, max-video-preview:-1\" \/>\n<link rel=\"canonical\" href=\"https:\/\/supplychainmagazine.fr\/boutique\/abonnement\/supply-chain-magazine-100-numerique-1-an\/\" \/>\n<meta property=\"og:locale\" content=\"fr_FR\" \/>\n<meta property=\"og:type\" content=\"article\" \/>\n<meta property=\"og:title\" content=\"Supply Chain Magazine 100% num\u00e9rique 1 an - Boutique Supply Chain Mag\" \/>\n<meta property=\"og:description\" content=\"Abonnement num\u00e9rique 1an 140\u20ac TTC   Acc\u00e8s aux versions num\u00e9riques de Supply Chain Magazine\u00a0 et \u00e0 l&#039;annuaire des fournisseurs de la Supply Chain via le site\u00a0http:\/\/www.supplychainmagazine.fr  Acc\u00e8s aux archives en ligne de la revue  1 newsletter quotidienne  Offre grands comptes NUMERIQUE\u00a0(\u00e0 partir de 10 abonnements) sur demande par mail :\u00a0abonnements-scm@alaloopmedia.fr\" \/>\n<meta property=\"og:url\" content=\"https:\/\/supplychainmagazine.fr\/boutique\/abonnement\/supply-chain-magazine-100-numerique-1-an\/\" \/>\n<meta property=\"og:site_name\" content=\"Boutique Supply Chain Mag\" \/>\n<meta property=\"article:modified_time\" content=\"2026-01-07T09:16:42+00:00\" \/>\n<meta property=\"og:image\" content=\"https:\/\/supplychainmagazine.fr\/boutique\/wp-content\/uploads\/2025\/09\/scm-vignette-2.png\" \/>\n\t<meta property=\"og:image:width\" content=\"250\" \/>\n\t<meta property=\"og:image:height\" content=\"375\" \/>\n\t<meta property=\"og:image:type\" content=\"image\/png\" \/>\n<meta name=\"twitter:card\" content=\"summary_large_image\" \/>\n<meta name=\"twitter:label1\" content=\"Dur\u00e9e de lecture estim\u00e9e\" \/>\n\t<meta name=\"twitter:data1\" content=\"1 minute\" \/>\n<script type=\"application\/ld+json\" class=\"yoast-schema-graph\">{\"@context\":\"https:\\\/\\\/schema.org\",\"@graph\":[{\"@type\":\"WebPage\",\"@id\":\"https:\\\/\\\/supplychainmagazine.fr\\\/boutique\\\/abonnement\\\/supply-chain-magazine-100-numerique-1-an\\\/\",\"url\":\"https:\\\/\\\/supplychainmagazine.fr\\\/boutique\\\/abonnement\\\/supply-chain-magazine-100-numerique-1-an\\\/\",\"name\":\"Supply Chain Magazine 100% num\u00e9rique 1 an - Boutique Supply Chain Mag\",\"isPartOf\":{\"@id\":\"https:\\\/\\\/supplychainmagazine.fr\\\/boutique\\\/#website\"},\"primaryImageOfPage\":{\"@id\":\"https:\\\/\\\/supplychainmagazine.fr\\\/boutique\\\/abonnement\\\/supply-chain-magazine-100-numerique-1-an\\\/#primaryimage\"},\"image\":{\"@id\":\"https:\\\/\\\/supplychainmagazine.fr\\\/boutique\\\/abonnement\\\/supply-chain-magazine-100-numerique-1-an\\\/#primaryimage\"},\"thumbnailUrl\":\"https:\\\/\\\/supplychainmagazine.fr\\\/boutique\\\/wp-content\\\/uploads\\\/2025\\\/09\\\/scm-vignette-2.png\",\"datePublished\":\"2026-01-01T12:15:05+00:00\",\"dateModified\":\"2026-01-07T09:16:42+00:00\",\"breadcrumb\":{\"@id\":\"https:\\\/\\\/supplychainmagazine.fr\\\/boutique\\\/abonnement\\\/supply-chain-magazine-100-numerique-1-an\\\/#breadcrumb\"},\"inLanguage\":\"fr-FR\",\"potentialAction\":[{\"@type\":\"ReadAction\",\"target\":[\"https:\\\/\\\/supplychainmagazine.fr\\\/boutique\\\/abonnement\\\/supply-chain-magazine-100-numerique-1-an\\\/\"]}]},{\"@type\":\"ImageObject\",\"inLanguage\":\"fr-FR\",\"@id\":\"https:\\\/\\\/supplychainmagazine.fr\\\/boutique\\\/abonnement\\\/supply-chain-magazine-100-numerique-1-an\\\/#primaryimage\",\"url\":\"https:\\\/\\\/supplychainmagazine.fr\\\/boutique\\\/wp-content\\\/uploads\\\/2025\\\/09\\\/scm-vignette-2.png\",\"contentUrl\":\"https:\\\/\\\/supplychainmagazine.fr\\\/boutique\\\/wp-content\\\/uploads\\\/2025\\\/09\\\/scm-vignette-2.png\",\"width\":250,\"height\":375},{\"@type\":\"BreadcrumbList\",\"@id\":\"https:\\\/\\\/supplychainmagazine.fr\\\/boutique\\\/abonnement\\\/supply-chain-magazine-100-numerique-1-an\\\/#breadcrumb\",\"itemListElement\":[{\"@type\":\"ListItem\",\"position\":1,\"name\":\"Accueil\",\"item\":\"https:\\\/\\\/supplychainmagazine.fr\\\/boutique\\\/\"},{\"@type\":\"ListItem\",\"position\":2,\"name\":\"Supply Chain Magazine 100% num\u00e9rique 1 an\"}]},{\"@type\":\"WebSite\",\"@id\":\"https:\\\/\\\/supplychainmagazine.fr\\\/boutique\\\/#website\",\"url\":\"https:\\\/\\\/supplychainmagazine.fr\\\/boutique\\\/\",\"name\":\"Boutique Supply Chain Mag\",\"description\":\"Le magazine des d\u00e9cideurs de la Supply Chain\",\"publisher\":{\"@id\":\"https:\\\/\\\/supplychainmagazine.fr\\\/boutique\\\/#organization\"},\"potentialAction\":[{\"@type\":\"SearchAction\",\"target\":{\"@type\":\"EntryPoint\",\"urlTemplate\":\"https:\\\/\\\/supplychainmagazine.fr\\\/boutique\\\/?s={search_term_string}\"},\"query-input\":{\"@type\":\"PropertyValueSpecification\",\"valueRequired\":true,\"valueName\":\"search_term_string\"}}],\"inLanguage\":\"fr-FR\"},{\"@type\":\"Organization\",\"@id\":\"https:\\\/\\\/supplychainmagazine.fr\\\/boutique\\\/#organization\",\"name\":\"Boutique Supply Chain Mag\",\"url\":\"https:\\\/\\\/supplychainmagazine.fr\\\/boutique\\\/\",\"logo\":{\"@type\":\"ImageObject\",\"inLanguage\":\"fr-FR\",\"@id\":\"https:\\\/\\\/supplychainmagazine.fr\\\/boutique\\\/#\\\/schema\\\/logo\\\/image\\\/\",\"url\":\"https:\\\/\\\/supplychainmagazine.fr\\\/boutique\\\/wp-content\\\/uploads\\\/2025\\\/09\\\/logo.png\",\"contentUrl\":\"https:\\\/\\\/supplychainmagazine.fr\\\/boutique\\\/wp-content\\\/uploads\\\/2025\\\/09\\\/logo.png\",\"width\":418,\"height\":100,\"caption\":\"Boutique Supply Chain Mag\"},\"image\":{\"@id\":\"https:\\\/\\\/supplychainmagazine.fr\\\/boutique\\\/#\\\/schema\\\/logo\\\/image\\\/\"}}]}<\/script>\n<!-- \/ Yoast SEO plugin. -->","yoast_head_json":{"title":"Supply Chain Magazine 100% num\u00e9rique 1 an - Boutique Supply Chain Mag","robots":{"index":"index","follow":"follow","max-snippet":"max-snippet:-1","max-image-preview":"max-image-preview:large","max-video-preview":"max-video-preview:-1"},"canonical":"https:\/\/supplychainmagazine.fr\/boutique\/abonnement\/supply-chain-magazine-100-numerique-1-an\/","og_locale":"fr_FR","og_type":"article","og_title":"Supply Chain Magazine 100% num\u00e9rique 1 an - Boutique Supply Chain Mag","og_description":"Abonnement num\u00e9rique 1an 140\u20ac TTC   Acc\u00e8s aux versions num\u00e9riques de Supply Chain Magazine\u00a0 et \u00e0 l'annuaire des fournisseurs de la Supply Chain via le site\u00a0http:\/\/www.supplychainmagazine.fr  Acc\u00e8s aux archives en ligne de la revue  1 newsletter quotidienne  Offre grands comptes NUMERIQUE\u00a0(\u00e0 partir de 10 abonnements) sur demande par mail :\u00a0abonnements-scm@alaloopmedia.fr","og_url":"https:\/\/supplychainmagazine.fr\/boutique\/abonnement\/supply-chain-magazine-100-numerique-1-an\/","og_site_name":"Boutique Supply Chain Mag","article_modified_time":"2026-01-07T09:16:42+00:00","og_image":[{"width":250,"height":375,"url":"https:\/\/supplychainmagazine.fr\/boutique\/wp-content\/uploads\/2025\/09\/scm-vignette-2.png","type":"image\/png"}],"twitter_card":"summary_large_image","twitter_misc":{"Dur\u00e9e de lecture estim\u00e9e":"1 minute"},"schema":{"@context":"https:\/\/schema.org","@graph":[{"@type":"WebPage","@id":"https:\/\/supplychainmagazine.fr\/boutique\/abonnement\/supply-chain-magazine-100-numerique-1-an\/","url":"https:\/\/supplychainmagazine.fr\/boutique\/abonnement\/supply-chain-magazine-100-numerique-1-an\/","name":"Supply Chain Magazine 100% num\u00e9rique 1 an - Boutique Supply Chain Mag","isPartOf":{"@id":"https:\/\/supplychainmagazine.fr\/boutique\/#website"},"primaryImageOfPage":{"@id":"https:\/\/supplychainmagazine.fr\/boutique\/abonnement\/supply-chain-magazine-100-numerique-1-an\/#primaryimage"},"image":{"@id":"https:\/\/supplychainmagazine.fr\/boutique\/abonnement\/supply-chain-magazine-100-numerique-1-an\/#primaryimage"},"thumbnailUrl":"https:\/\/supplychainmagazine.fr\/boutique\/wp-content\/uploads\/2025\/09\/scm-vignette-2.png","datePublished":"2026-01-01T12:15:05+00:00","dateModified":"2026-01-07T09:16:42+00:00","breadcrumb":{"@id":"https:\/\/supplychainmagazine.fr\/boutique\/abonnement\/supply-chain-magazine-100-numerique-1-an\/#breadcrumb"},"inLanguage":"fr-FR","potentialAction":[{"@type":"ReadAction","target":["https:\/\/supplychainmagazine.fr\/boutique\/abonnement\/supply-chain-magazine-100-numerique-1-an\/"]}]},{"@type":"ImageObject","inLanguage":"fr-FR","@id":"https:\/\/supplychainmagazine.fr\/boutique\/abonnement\/supply-chain-magazine-100-numerique-1-an\/#primaryimage","url":"https:\/\/supplychainmagazine.fr\/boutique\/wp-content\/uploads\/2025\/09\/scm-vignette-2.png","contentUrl":"https:\/\/supplychainmagazine.fr\/boutique\/wp-content\/uploads\/2025\/09\/scm-vignette-2.png","width":250,"height":375},{"@type":"BreadcrumbList","@id":"https:\/\/supplychainmagazine.fr\/boutique\/abonnement\/supply-chain-magazine-100-numerique-1-an\/#breadcrumb","itemListElement":[{"@type":"ListItem","position":1,"name":"Accueil","item":"https:\/\/supplychainmagazine.fr\/boutique\/"},{"@type":"ListItem","position":2,"name":"Supply Chain Magazine 100% num\u00e9rique 1 an"}]},{"@type":"WebSite","@id":"https:\/\/supplychainmagazine.fr\/boutique\/#website","url":"https:\/\/supplychainmagazine.fr\/boutique\/","name":"Boutique Supply Chain Mag","description":"Le magazine des d\u00e9cideurs de la Supply Chain","publisher":{"@id":"https:\/\/supplychainmagazine.fr\/boutique\/#organization"},"potentialAction":[{"@type":"SearchAction","target":{"@type":"EntryPoint","urlTemplate":"https:\/\/supplychainmagazine.fr\/boutique\/?s={search_term_string}"},"query-input":{"@type":"PropertyValueSpecification","valueRequired":true,"valueName":"search_term_string"}}],"inLanguage":"fr-FR"},{"@type":"Organization","@id":"https:\/\/supplychainmagazine.fr\/boutique\/#organization","name":"Boutique Supply Chain Mag","url":"https:\/\/supplychainmagazine.fr\/boutique\/","logo":{"@type":"ImageObject","inLanguage":"fr-FR","@id":"https:\/\/supplychainmagazine.fr\/boutique\/#\/schema\/logo\/image\/","url":"https:\/\/supplychainmagazine.fr\/boutique\/wp-content\/uploads\/2025\/09\/logo.png","contentUrl":"https:\/\/supplychainmagazine.fr\/boutique\/wp-content\/uploads\/2025\/09\/logo.png","width":418,"height":100,"caption":"Boutique Supply Chain Mag"},"image":{"@id":"https:\/\/supplychainmagazine.fr\/boutique\/#\/schema\/logo\/image\/"}}]}},"_links":{"self":[{"href":"https:\/\/supplychainmagazine.fr\/boutique\/wp-json\/wp\/v2\/product\/140","targetHints":{"allow":["GET"]}}],"collection":[{"href":"https:\/\/supplychainmagazine.fr\/boutique\/wp-json\/wp\/v2\/product"}],"about":[{"href":"https:\/\/supplychainmagazine.fr\/boutique\/wp-json\/wp\/v2\/types\/product"}],"wp:featuredmedia":[{"embeddable":true,"href":"https:\/\/supplychainmagazine.fr\/boutique\/wp-json\/wp\/v2\/media\/84"}],"wp:attachment":[{"href":"https:\/\/supplychainmagazine.fr\/boutique\/wp-json\/wp\/v2\/media?parent=140"}],"wp:term":[{"taxonomy":"product_brand","embeddable":true,"href":"https:\/\/supplychainmagazine.fr\/boutique\/wp-json\/wp\/v2\/product_brand?post=140"},{"taxonomy":"product_cat","embeddable":true,"href":"https:\/\/supplychainmagazine.fr\/boutique\/wp-json\/wp\/v2\/product_cat?post=140"},{"taxonomy":"product_tag","embeddable":true,"href":"https:\/\/supplychainmagazine.fr\/boutique\/wp-json\/wp\/v2\/product_tag?post=140"}],"curies":[{"name":"wp","href":"https:\/\/api.w.org\/{rel}","templated":true}]}}