{"id":615,"date":"2026-03-07T11:56:45","date_gmt":"2026-03-07T11:56:45","guid":{"rendered":"https:\/\/supplychainmagazine.fr\/boutique\/?post_type=product&#038;p=615"},"modified":"2026-04-24T12:44:18","modified_gmt":"2026-04-24T12:44:18","slug":"magazine-numero-85","status":"publish","type":"product","link":"https:\/\/supplychainmagazine.fr\/boutique\/abonnement\/magazine-numero-85\/","title":{"rendered":"Supply Chain Magazine n\u00b085"},"content":{"rendered":"<p><strong>\u00c9ditorial<\/strong><br \/>\nN\u2019est-il pas beau ce monde nouveau ?<br \/>\n<strong>Zoom<\/strong><br \/>\nDes rois de 20 ans \u00e0 l\u2019H\u00f4tel de ville<br \/>\nLe Palmar\u00e8s des 20 ans coche toutes les cases<br \/>\nLa soir\u00e9e en images<br \/>\nLe Forum allie faste et fond<br \/>\nSalon de prestige pour les partenaires du Forum<br \/>\n<strong>L\u2019essentiel<\/strong><br \/>\nZap<br \/>\n<strong>Les actus du mois<\/strong><br \/>\nZigzag<br \/>\nRegards sur l\u2019international<br \/>\n<strong>Conversation<\/strong><br \/>\nG\u00e9n\u00e9ral Fabrice Feola<br \/>\n<strong>Enqu\u00eate<\/strong><br \/>\nParit\u00e9 bien ordonn\u00e9e\u2026ne fait que commencer<br \/>\n<strong>Pour vos appels d\u2019offres<\/strong><br \/>\nCabinets de conseil en SCM<br \/>\n<strong>Management<\/strong><br \/>\nLa confiance, cl\u00e9 d\u2019un nouvel horizon manag\u00e9rial<br \/>\n<strong>C\u00f4t\u00e9 recherche<\/strong><br \/>\nAcc\u00e9l\u00e9ration en logistique : derri\u00e8re la norme, des effets contre-intuitifs<\/p>\n","protected":false},"excerpt":{"rendered":"<p>Supply Chain Magazine n\u00b085<\/p>\n","protected":false},"featured_media":616,"template":"","meta":[],"product_brand":[],"product_cat":[22],"product_tag":[],"class_list":{"0":"post-615","1":"product","2":"type-product","3":"status-publish","4":"has-post-thumbnail","6":"product_cat-achat-au-numero","8":"first","9":"instock","10":"taxable","11":"shipping-taxable","12":"purchasable","13":"product-type-simple"},"yoast_head":"<!-- This site is optimized with the Yoast SEO plugin v27.4 - https:\/\/yoast.com\/product\/yoast-seo-wordpress\/ -->\n<title>Supply Chain Magazine n\u00b085 - Boutique Supply Chain Mag<\/title>\n<meta name=\"description\" content=\"Au sommaire du num\u00e9ro 85 de Supply Chain Magazine : la journ\u00e9e des Rois de la Supply Chain \u00e0 l&#039;H\u00f4tel de Ville de Paris ; la parit\u00e9 en SC ; les cabinets de conseil.\" \/>\n<meta name=\"robots\" content=\"index, follow, max-snippet:-1, max-image-preview:large, max-video-preview:-1\" \/>\n<link rel=\"canonical\" href=\"https:\/\/supplychainmagazine.fr\/boutique\/abonnement\/magazine-numero-85\/\" \/>\n<meta property=\"og:locale\" content=\"fr_FR\" \/>\n<meta property=\"og:type\" content=\"article\" \/>\n<meta property=\"og:title\" content=\"Supply Chain Magazine n\u00b085 - Boutique Supply Chain Mag\" \/>\n<meta property=\"og:description\" content=\"Au sommaire du num\u00e9ro 85 de Supply Chain Magazine : la journ\u00e9e des Rois de la Supply Chain \u00e0 l&#039;H\u00f4tel de Ville de Paris ; la parit\u00e9 en SC ; les cabinets de conseil.\" \/>\n<meta property=\"og:url\" content=\"https:\/\/supplychainmagazine.fr\/boutique\/abonnement\/magazine-numero-85\/\" \/>\n<meta property=\"og:site_name\" content=\"Boutique Supply Chain Mag\" \/>\n<meta property=\"article:modified_time\" content=\"2026-04-24T12:44:18+00:00\" \/>\n<meta property=\"og:image\" content=\"https:\/\/supplychainmagazine.fr\/boutique\/wp-content\/uploads\/2026\/03\/une-scm-85.jpg\" \/>\n\t<meta property=\"og:image:width\" content=\"622\" \/>\n\t<meta property=\"og:image:height\" content=\"882\" \/>\n\t<meta property=\"og:image:type\" content=\"image\/jpeg\" \/>\n<meta name=\"twitter:card\" content=\"summary_large_image\" \/>\n<meta name=\"twitter:label1\" content=\"Dur\u00e9e de lecture estim\u00e9e\" \/>\n\t<meta name=\"twitter:data1\" content=\"1 minute\" \/>\n<script type=\"application\/ld+json\" class=\"yoast-schema-graph\">{\"@context\":\"https:\\\/\\\/schema.org\",\"@graph\":[{\"@type\":\"WebPage\",\"@id\":\"https:\\\/\\\/supplychainmagazine.fr\\\/boutique\\\/abonnement\\\/magazine-numero-85\\\/\",\"url\":\"https:\\\/\\\/supplychainmagazine.fr\\\/boutique\\\/abonnement\\\/magazine-numero-85\\\/\",\"name\":\"Supply Chain Magazine n\u00b085 - Boutique Supply Chain Mag\",\"isPartOf\":{\"@id\":\"https:\\\/\\\/supplychainmagazine.fr\\\/boutique\\\/#website\"},\"primaryImageOfPage\":{\"@id\":\"https:\\\/\\\/supplychainmagazine.fr\\\/boutique\\\/abonnement\\\/magazine-numero-85\\\/#primaryimage\"},\"image\":{\"@id\":\"https:\\\/\\\/supplychainmagazine.fr\\\/boutique\\\/abonnement\\\/magazine-numero-85\\\/#primaryimage\"},\"thumbnailUrl\":\"https:\\\/\\\/supplychainmagazine.fr\\\/boutique\\\/wp-content\\\/uploads\\\/2026\\\/03\\\/une-scm-85.jpg\",\"datePublished\":\"2026-03-07T11:56:45+00:00\",\"dateModified\":\"2026-04-24T12:44:18+00:00\",\"description\":\"Au sommaire du num\u00e9ro 85 de Supply Chain Magazine : la journ\u00e9e des Rois de la Supply Chain \u00e0 l'H\u00f4tel de Ville de Paris ; la parit\u00e9 en SC ; les cabinets de conseil.\",\"breadcrumb\":{\"@id\":\"https:\\\/\\\/supplychainmagazine.fr\\\/boutique\\\/abonnement\\\/magazine-numero-85\\\/#breadcrumb\"},\"inLanguage\":\"fr-FR\",\"potentialAction\":[{\"@type\":\"ReadAction\",\"target\":[\"https:\\\/\\\/supplychainmagazine.fr\\\/boutique\\\/abonnement\\\/magazine-numero-85\\\/\"]}]},{\"@type\":\"ImageObject\",\"inLanguage\":\"fr-FR\",\"@id\":\"https:\\\/\\\/supplychainmagazine.fr\\\/boutique\\\/abonnement\\\/magazine-numero-85\\\/#primaryimage\",\"url\":\"https:\\\/\\\/supplychainmagazine.fr\\\/boutique\\\/wp-content\\\/uploads\\\/2026\\\/03\\\/une-scm-85.jpg\",\"contentUrl\":\"https:\\\/\\\/supplychainmagazine.fr\\\/boutique\\\/wp-content\\\/uploads\\\/2026\\\/03\\\/une-scm-85.jpg\",\"width\":622,\"height\":882,\"caption\":\"supply chain magazine 85 - mars 2026\"},{\"@type\":\"BreadcrumbList\",\"@id\":\"https:\\\/\\\/supplychainmagazine.fr\\\/boutique\\\/abonnement\\\/magazine-numero-85\\\/#breadcrumb\",\"itemListElement\":[{\"@type\":\"ListItem\",\"position\":1,\"name\":\"Accueil\",\"item\":\"https:\\\/\\\/supplychainmagazine.fr\\\/boutique\\\/\"},{\"@type\":\"ListItem\",\"position\":2,\"name\":\"Supply Chain Magazine n\u00b085\"}]},{\"@type\":\"WebSite\",\"@id\":\"https:\\\/\\\/supplychainmagazine.fr\\\/boutique\\\/#website\",\"url\":\"https:\\\/\\\/supplychainmagazine.fr\\\/boutique\\\/\",\"name\":\"Boutique Supply Chain Mag\",\"description\":\"Le magazine des d\u00e9cideurs de la Supply Chain\",\"publisher\":{\"@id\":\"https:\\\/\\\/supplychainmagazine.fr\\\/boutique\\\/#organization\"},\"potentialAction\":[{\"@type\":\"SearchAction\",\"target\":{\"@type\":\"EntryPoint\",\"urlTemplate\":\"https:\\\/\\\/supplychainmagazine.fr\\\/boutique\\\/?s={search_term_string}\"},\"query-input\":{\"@type\":\"PropertyValueSpecification\",\"valueRequired\":true,\"valueName\":\"search_term_string\"}}],\"inLanguage\":\"fr-FR\"},{\"@type\":\"Organization\",\"@id\":\"https:\\\/\\\/supplychainmagazine.fr\\\/boutique\\\/#organization\",\"name\":\"Boutique Supply Chain Mag\",\"url\":\"https:\\\/\\\/supplychainmagazine.fr\\\/boutique\\\/\",\"logo\":{\"@type\":\"ImageObject\",\"inLanguage\":\"fr-FR\",\"@id\":\"https:\\\/\\\/supplychainmagazine.fr\\\/boutique\\\/#\\\/schema\\\/logo\\\/image\\\/\",\"url\":\"https:\\\/\\\/supplychainmagazine.fr\\\/boutique\\\/wp-content\\\/uploads\\\/2025\\\/09\\\/logo.png\",\"contentUrl\":\"https:\\\/\\\/supplychainmagazine.fr\\\/boutique\\\/wp-content\\\/uploads\\\/2025\\\/09\\\/logo.png\",\"width\":418,\"height\":100,\"caption\":\"Boutique Supply Chain Mag\"},\"image\":{\"@id\":\"https:\\\/\\\/supplychainmagazine.fr\\\/boutique\\\/#\\\/schema\\\/logo\\\/image\\\/\"}}]}<\/script>\n<!-- \/ Yoast SEO plugin. -->","yoast_head_json":{"title":"Supply Chain Magazine n\u00b085 - Boutique Supply Chain Mag","description":"Au sommaire du num\u00e9ro 85 de Supply Chain Magazine : la journ\u00e9e des Rois de la Supply Chain \u00e0 l'H\u00f4tel de Ville de Paris ; la parit\u00e9 en SC ; les cabinets de conseil.","robots":{"index":"index","follow":"follow","max-snippet":"max-snippet:-1","max-image-preview":"max-image-preview:large","max-video-preview":"max-video-preview:-1"},"canonical":"https:\/\/supplychainmagazine.fr\/boutique\/abonnement\/magazine-numero-85\/","og_locale":"fr_FR","og_type":"article","og_title":"Supply Chain Magazine n\u00b085 - Boutique Supply Chain Mag","og_description":"Au sommaire du num\u00e9ro 85 de Supply Chain Magazine : la journ\u00e9e des Rois de la Supply Chain \u00e0 l'H\u00f4tel de Ville de Paris ; la parit\u00e9 en SC ; les cabinets de conseil.","og_url":"https:\/\/supplychainmagazine.fr\/boutique\/abonnement\/magazine-numero-85\/","og_site_name":"Boutique Supply Chain Mag","article_modified_time":"2026-04-24T12:44:18+00:00","og_image":[{"width":622,"height":882,"url":"https:\/\/supplychainmagazine.fr\/boutique\/wp-content\/uploads\/2026\/03\/une-scm-85.jpg","type":"image\/jpeg"}],"twitter_card":"summary_large_image","twitter_misc":{"Dur\u00e9e de lecture estim\u00e9e":"1 minute"},"schema":{"@context":"https:\/\/schema.org","@graph":[{"@type":"WebPage","@id":"https:\/\/supplychainmagazine.fr\/boutique\/abonnement\/magazine-numero-85\/","url":"https:\/\/supplychainmagazine.fr\/boutique\/abonnement\/magazine-numero-85\/","name":"Supply Chain Magazine n\u00b085 - Boutique Supply Chain Mag","isPartOf":{"@id":"https:\/\/supplychainmagazine.fr\/boutique\/#website"},"primaryImageOfPage":{"@id":"https:\/\/supplychainmagazine.fr\/boutique\/abonnement\/magazine-numero-85\/#primaryimage"},"image":{"@id":"https:\/\/supplychainmagazine.fr\/boutique\/abonnement\/magazine-numero-85\/#primaryimage"},"thumbnailUrl":"https:\/\/supplychainmagazine.fr\/boutique\/wp-content\/uploads\/2026\/03\/une-scm-85.jpg","datePublished":"2026-03-07T11:56:45+00:00","dateModified":"2026-04-24T12:44:18+00:00","description":"Au sommaire du num\u00e9ro 85 de Supply Chain Magazine : la journ\u00e9e des Rois de la Supply Chain \u00e0 l'H\u00f4tel de Ville de Paris ; la parit\u00e9 en SC ; les cabinets de conseil.","breadcrumb":{"@id":"https:\/\/supplychainmagazine.fr\/boutique\/abonnement\/magazine-numero-85\/#breadcrumb"},"inLanguage":"fr-FR","potentialAction":[{"@type":"ReadAction","target":["https:\/\/supplychainmagazine.fr\/boutique\/abonnement\/magazine-numero-85\/"]}]},{"@type":"ImageObject","inLanguage":"fr-FR","@id":"https:\/\/supplychainmagazine.fr\/boutique\/abonnement\/magazine-numero-85\/#primaryimage","url":"https:\/\/supplychainmagazine.fr\/boutique\/wp-content\/uploads\/2026\/03\/une-scm-85.jpg","contentUrl":"https:\/\/supplychainmagazine.fr\/boutique\/wp-content\/uploads\/2026\/03\/une-scm-85.jpg","width":622,"height":882,"caption":"supply chain magazine 85 - mars 2026"},{"@type":"BreadcrumbList","@id":"https:\/\/supplychainmagazine.fr\/boutique\/abonnement\/magazine-numero-85\/#breadcrumb","itemListElement":[{"@type":"ListItem","position":1,"name":"Accueil","item":"https:\/\/supplychainmagazine.fr\/boutique\/"},{"@type":"ListItem","position":2,"name":"Supply Chain Magazine n\u00b085"}]},{"@type":"WebSite","@id":"https:\/\/supplychainmagazine.fr\/boutique\/#website","url":"https:\/\/supplychainmagazine.fr\/boutique\/","name":"Boutique Supply Chain Mag","description":"Le magazine des d\u00e9cideurs de la Supply Chain","publisher":{"@id":"https:\/\/supplychainmagazine.fr\/boutique\/#organization"},"potentialAction":[{"@type":"SearchAction","target":{"@type":"EntryPoint","urlTemplate":"https:\/\/supplychainmagazine.fr\/boutique\/?s={search_term_string}"},"query-input":{"@type":"PropertyValueSpecification","valueRequired":true,"valueName":"search_term_string"}}],"inLanguage":"fr-FR"},{"@type":"Organization","@id":"https:\/\/supplychainmagazine.fr\/boutique\/#organization","name":"Boutique Supply Chain Mag","url":"https:\/\/supplychainmagazine.fr\/boutique\/","logo":{"@type":"ImageObject","inLanguage":"fr-FR","@id":"https:\/\/supplychainmagazine.fr\/boutique\/#\/schema\/logo\/image\/","url":"https:\/\/supplychainmagazine.fr\/boutique\/wp-content\/uploads\/2025\/09\/logo.png","contentUrl":"https:\/\/supplychainmagazine.fr\/boutique\/wp-content\/uploads\/2025\/09\/logo.png","width":418,"height":100,"caption":"Boutique Supply Chain Mag"},"image":{"@id":"https:\/\/supplychainmagazine.fr\/boutique\/#\/schema\/logo\/image\/"}}]}},"_links":{"self":[{"href":"https:\/\/supplychainmagazine.fr\/boutique\/wp-json\/wp\/v2\/product\/615","targetHints":{"allow":["GET"]}}],"collection":[{"href":"https:\/\/supplychainmagazine.fr\/boutique\/wp-json\/wp\/v2\/product"}],"about":[{"href":"https:\/\/supplychainmagazine.fr\/boutique\/wp-json\/wp\/v2\/types\/product"}],"wp:featuredmedia":[{"embeddable":true,"href":"https:\/\/supplychainmagazine.fr\/boutique\/wp-json\/wp\/v2\/media\/616"}],"wp:attachment":[{"href":"https:\/\/supplychainmagazine.fr\/boutique\/wp-json\/wp\/v2\/media?parent=615"}],"wp:term":[{"taxonomy":"product_brand","embeddable":true,"href":"https:\/\/supplychainmagazine.fr\/boutique\/wp-json\/wp\/v2\/product_brand?post=615"},{"taxonomy":"product_cat","embeddable":true,"href":"https:\/\/supplychainmagazine.fr\/boutique\/wp-json\/wp\/v2\/product_cat?post=615"},{"taxonomy":"product_tag","embeddable":true,"href":"https:\/\/supplychainmagazine.fr\/boutique\/wp-json\/wp\/v2\/product_tag?post=615"}],"curies":[{"name":"wp","href":"https:\/\/api.w.org\/{rel}","templated":true}]}}